{"id":47,"date":"2018-11-26T09:44:03","date_gmt":"2018-11-26T08:44:03","guid":{"rendered":"http:\/\/www.adesinfo.com\/?page_id=47"},"modified":"2026-04-01T14:11:52","modified_gmt":"2026-04-01T13:11:52","slug":"accueil","status":"publish","type":"page","link":"https:\/\/www.adesinfo.com\/","title":{"rendered":"Bienvenue !"},"content":{"rendered":"<p>[vc_row full_width=\u00a0\u00bbstretch_row\u00a0\u00bb css=\u00a0\u00bb.vc_custom_1550865988316{background-color: #f25522 !important;background-position: center !important;background-repeat: no-repeat !important;background-size: contain !important;}\u00a0\u00bb][vc_column][vc_custom_heading text=\u00a0\u00bbQui sommes-nous ?\u00a0\u00bb font_container=\u00a0\u00bbtag:h2|text_align:left|color:%23ffffff\u00a0\u00bb google_fonts=\u00a0\u00bbfont_family:Delius%3Aregular|font_style:400%20regular%3A400%3Anormal\u00a0\u00bb][vc_empty_space height=\u00a0\u00bb20px\u00a0\u00bb][vc_column_text css_animation=\u00a0\u00bbappear\u00a0\u00bb]<\/p>\n<p style=\"text-align: left;\"><span style=\"color: #333333;\">Ades info est une soci\u00e9t\u00e9 de conseil, vente et maintenance de logiciels et d&rsquo;\u00e9quipements&nbsp;informatiques.<\/span><br \/>\n<span style=\"color: #333333;\">Fort de notre exp\u00e9rience de plus de 30 ans sur ce march\u00e9, nous utilisons tous nos savoir-faire pour fournir aux clients qui nous font confiance les solutions technologiques&nbsp;de pointes personnalis\u00e9es en fonction des exigences sp\u00e9cifiques de chacun.<\/span><br \/>\n<span style=\"color: #333333;\">Nos points forts :&nbsp;Notre connaissance du march\u00e9, agr\u00e9ment\u00e9e des r\u00e9guli\u00e8res formations suivies chez les principaux \u00e9diteurs et constructeurs leaders nous permettent d&rsquo;assurer des prestations de qualit\u00e9 jamais contest\u00e9es.<\/span>[\/vc_column_text][vc_empty_space height=\u00a0\u00bb20px\u00a0\u00bb][\/vc_column][\/vc_row][vc_row full_width=\u00a0\u00bbstretch_row\u00a0\u00bb full_height=\u00a0\u00bbyes\u00a0\u00bb content_placement=\u00a0\u00bbtop\u00a0\u00bb video_bg=\u00a0\u00bbyes\u00a0\u00bb video_bg_url=\u00a0\u00bbhttps:\/\/www.youtube.com\/watch?v=XxlU6sC5gjo\u00a0\u00bb video_bg_parallax=\u00a0\u00bbcontent-moving\u00a0\u00bb css=\u00a0\u00bb.vc_custom_1554471608028{padding-top: 50px !important;padding-bottom: 350px !important;}\u00a0\u00bb][vc_column][vc_custom_heading text=\u00a0\u00bbL&rsquo;\u00e9ducation devient plus facile avec SMART\u00a0\u00bb font_container=\u00a0\u00bbtag:h2|text_align:center|color:%23ffffff\u00a0\u00bb google_fonts=\u00a0\u00bbfont_family:Delius%3Aregular|font_style:400%20regular%3A400%3Anormal\u00a0\u00bb][vc_separator color=\u00a0\u00bbcustom\u00a0\u00bb border_width=\u00a0\u00bb2&Prime; el_width=\u00a0\u00bb50&Prime; accent_color=\u00a0\u00bbrgba(242,85,34,0.5)\u00a0\u00bb][vc_btn title=\u00a0\u00bb<strong>En savoir plus<\/strong>\u00a0\u00bb style=\u00a0\u00bboutline-custom\u00a0\u00bb outline_custom_color=\u00a0\u00bb#ed5621&Prime; outline_custom_hover_background=\u00a0\u00bb#f25522&Prime; outline_custom_hover_text=\u00a0\u00bb#ffffff\u00a0\u00bb align=\u00a0\u00bbcenter\u00a0\u00bb link=\u00a0\u00bburl:https%3A%2F%2Fwww.youtube.com%2Fuser%2FSMARTClassrooms||target:%20_blank|\u00a0\u00bb][\/vc_column][\/vc_row][vc_row full_width=\u00a0\u00bbstretch_row\u00a0\u00bb content_placement=\u00a0\u00bbmiddle\u00a0\u00bb css=\u00a0\u00bb.vc_custom_1554472789476{background-color: #f25522 !important;}\u00a0\u00bb][vc_column][vc_empty_space height=\u00a0\u00bb20px\u00a0\u00bb][\/vc_column][\/vc_row][vc_row full_width=\u00a0\u00bbstretch_row\u00a0\u00bb css=\u00a0\u00bb.vc_custom_1554472971719{background-color: #ffffff !important;}\u00a0\u00bb][vc_column width=\u00a0\u00bb1\/3&Prime;][vc_single_image image=\u00a0\u00bb467&Prime; img_size=\u00a0\u00bbfull\u00a0\u00bb][vc_btn title=\u00a0\u00bb<strong>En savoir plus<\/strong>\u00a0\u00bb style=\u00a0\u00bboutline-custom\u00a0\u00bb outline_custom_color=\u00a0\u00bb#ed5621&Prime; outline_custom_hover_background=\u00a0\u00bb#ed5621&Prime; outline_custom_hover_text=\u00a0\u00bb#ffffff\u00a0\u00bb align=\u00a0\u00bbcenter\u00a0\u00bb link=\u00a0\u00bburl:https%3A%2F%2Fwww.smarttech.com%2Ffr-fr||target:%20_blank|\u00a0\u00bb][\/vc_column][vc_column width=\u00a0\u00bb1\/3&Prime;][vc_single_image image=\u00a0\u00bb976&Prime; img_size=\u00a0\u00bbfull\u00a0\u00bb alignment=\u00a0\u00bbcenter\u00a0\u00bb css=\u00a0\u00bb.vc_custom_1774429468794{padding-top: 30px !important;padding-right: 50px !important;padding-bottom: 40px !important;padding-left: 50px !important;}\u00a0\u00bb][vc_btn title=\u00a0\u00bb<strong>En savoir plus<\/strong>\u00a0\u00bb style=\u00a0\u00bboutline-custom\u00a0\u00bb outline_custom_color=\u00a0\u00bb#ed5621&Prime; outline_custom_hover_background=\u00a0\u00bb#ed5621&Prime; outline_custom_hover_text=\u00a0\u00bb#ffffff\u00a0\u00bb align=\u00a0\u00bbcenter\u00a0\u00bb link=\u00a0\u00bburl:https%3A%2F%2Ffr.communication.avereurope.com%2F%2Ftypes%2Fvideo-bar||target:%20_blank|\u00a0\u00bb][\/vc_column][vc_column width=\u00a0\u00bb1\/3&Prime;][vc_single_image image=\u00a0\u00bb483&Prime; img_size=\u00a0\u00bbfull\u00a0\u00bb][vc_btn title=\u00a0\u00bb<strong>En savoir plus<\/strong>\u00a0\u00bb style=\u00a0\u00bboutline-custom\u00a0\u00bb outline_custom_color=\u00a0\u00bb#ed5621&Prime; outline_custom_hover_background=\u00a0\u00bb#ed5621&Prime; outline_custom_hover_text=\u00a0\u00bb#ffffff\u00a0\u00bb align=\u00a0\u00bbcenter\u00a0\u00bb link=\u00a0\u00bburl:https%3A%2F%2Fwww.epson.fr%2Fverticals%2Fbusiness-solutions-for-education||target:%20_blank|\u00a0\u00bb][\/vc_column][\/vc_row][vc_row full_width=\u00a0\u00bbstretch_row\u00a0\u00bb content_placement=\u00a0\u00bbmiddle\u00a0\u00bb css=\u00a0\u00bb.vc_custom_1554473372789{margin-bottom: -15px !important;background-color: #f25522 !important;}\u00a0\u00bb][vc_column][vc_column_text css=\u00a0\u00bb.vc_custom_1622814896797{background-color: #ffffff !important;}\u00a0\u00bb]<\/p>\n<p style=\"text-align: center;\"><a href=\"https:\/\/www.adesinfo.com\/index.php\/mentions-legales\/\">Mentions l\u00e9gales<\/a><\/p>\n<p>[\/vc_column_text][vc_empty_space height=\u00a0\u00bb20px\u00a0\u00bb][\/vc_column][\/vc_row]<\/p>\n","protected":false},"excerpt":{"rendered":"<p>[vc_row full_width=\u00a0\u00bbstretch_row\u00a0\u00bb css=\u00a0\u00bb.vc_custom_1550865988316{background-color: #f25522 !important;background-position: center !important;background-repeat: no-repeat !important;background-size: contain !important;}\u00a0\u00bb][vc_column][vc_custom_heading text=\u00a0\u00bbQui sommes-nous ?\u00a0\u00bb font_container=\u00a0\u00bbtag:h2|text_align:left|color:%23ffffff\u00a0\u00bb google_fonts=\u00a0\u00bbfont_family:Delius%3Aregular|font_style:400%20regular%3A400%3Anormal\u00a0\u00bb][vc_empty_space height=\u00a0\u00bb20px\u00a0\u00bb][vc_column_text css_animation=\u00a0\u00bbappear\u00a0\u00bb] Ades info&hellip;<\/p>\n","protected":false},"author":2,"featured_media":0,"parent":0,"menu_order":0,"comment_status":"closed","ping_status":"closed","template":"","meta":{"footnotes":""},"class_list":["post-47","page","type-page","status-publish","hentry"],"_links":{"self":[{"href":"https:\/\/www.adesinfo.com\/index.php\/wp-json\/wp\/v2\/pages\/47","targetHints":{"allow":["GET"]}}],"collection":[{"href":"https:\/\/www.adesinfo.com\/index.php\/wp-json\/wp\/v2\/pages"}],"about":[{"href":"https:\/\/www.adesinfo.com\/index.php\/wp-json\/wp\/v2\/types\/page"}],"author":[{"embeddable":true,"href":"https:\/\/www.adesinfo.com\/index.php\/wp-json\/wp\/v2\/users\/2"}],"replies":[{"embeddable":true,"href":"https:\/\/www.adesinfo.com\/index.php\/wp-json\/wp\/v2\/comments?post=47"}],"version-history":[{"count":121,"href":"https:\/\/www.adesinfo.com\/index.php\/wp-json\/wp\/v2\/pages\/47\/revisions"}],"predecessor-version":[{"id":988,"href":"https:\/\/www.adesinfo.com\/index.php\/wp-json\/wp\/v2\/pages\/47\/revisions\/988"}],"wp:attachment":[{"href":"https:\/\/www.adesinfo.com\/index.php\/wp-json\/wp\/v2\/media?parent=47"}],"curies":[{"name":"wp","href":"https:\/\/api.w.org\/{rel}","templated":true}]}}